{"id":382,"date":"2017-11-07T09:45:27","date_gmt":"2017-11-07T08:45:27","guid":{"rendered":"http:\/\/pobliza.pl\/?page_id=382"},"modified":"2018-01-08T09:08:39","modified_gmt":"2018-01-08T08:08:39","slug":"juliusz-lichwa-moje-pobliza","status":"publish","type":"page","link":"https:\/\/pobliza.pl\/?page_id=382","title":{"rendered":"Juliusz Lichwa \u2013 Moje Pobli\u017ca"},"content":{"rendered":"<p>[vc_row][vc_column][vc_empty_space height=&#8221;30px&#8221;][vc_separator title=&#8221;Juliusz Lichwa \u2013 Moje Pobli\u017ca&#8221; title_align=&#8221;separator_align_left&#8221; border_width=&#8221;3&#8243; accent_color=&#8221;#000000&#8243;][vc_empty_space height=&#8221;30px&#8221;][\/vc_column][\/vc_row][vc_row][vc_column width=&#8221;1\/2&#8243;][vc_column_text]Wielkie warszawskie osiedle z prze\u0142omu lat 70. i 80. powsta\u0142e w miejscu kwarta\u0142u ulic o podmiejskim, robotniczym charakterze, na malarycznym nadwi\u015bla\u0144skim brzegu. Jeszcze wi\u0119ksza urz\u0119dniczo-in\u017cynieryjna machina Gierka, by powsta\u0142 ten projekt, wysiedli\u0142a st\u0105d dziesi\u0105tki rodzin, a nawet zmieni\u0142a bieg ma\u0142ej rzeki, o kt\u00f3rej dzi\u015b \u015bwiadczy tylko ci\u0105g drzew obrastaj\u0105cych jej dawne koryto. To moje pierwsze Pobli\u017ca.<\/p>\n<p>Drugie to zapomniane dzi\u015b miasteczka i wsie Warmii i Mazur, kt\u00f3re uosabiaj\u0105 <strong>poniemieckie transformatory elektryczne, budowane z czerwonej ceg\u0142y w kszta\u0142cie pseudo-\u015bredniowiecznych wie\u017cyc (patrz zdj\u0119cie)<\/strong>. Mo\u017cna je spotka\u0107 i w innych regionach Ziem Zachodnich i P\u00f3\u0142nocnych, gdzie, niczym akwedukty po staro\u017cytnym Rzymie, dowodz\u0105 tego, \u017ce istnia\u0142a tu kiedy\u015b Rzesza.<\/p>\n<p>Moje Pobli\u017ca to tak\u017ce dwa miasta, kt\u00f3re w ci\u0105gu ostatnich dwustu lat wyros\u0142y na surowym korzeniu \u2013 przemys\u0142owo-kapitalistyczno-robotnicza \u0141\u00f3d\u017a budowana przez Polak\u00f3w, \u017byd\u00f3w i Niemc\u00f3w oraz modernistyczne \u201eMiasto z Morza\u201d \u2013 Gdynia, cud odrodzonej Polski.<\/p>\n<p>Moje Pobli\u017ca to berli\u0144ska uliczka na Prenzlauer Bergu wy\u0142o\u017cona tymi samymi p\u0142ytami granitowymi ze Strzegomia, co chodniki we Wroc\u0142awiu; moje Pobli\u017ca to lwowska modernistyczna kamienica z lat 30. i XVIII-wieczny s\u0142up pocztowy w sakso\u0144skim miasteczku z herbem Rzeczpospolitej z czas\u00f3w saskich.<\/p>\n<p><strong>Moje Pobli\u017ca to wsp\u00f3lna historia Polski i jej s\u0105siad\u00f3w.<\/strong>[\/vc_column_text][vc_empty_space height=&#8221;30px&#8221;][\/vc_column][vc_column width=&#8221;1\/2&#8243;]\n\t\t\t<div class=\"nm-banner content-full image-type-css text-color-light\" style=\"\"><div class=\"nm-banner-image\" style=\"height: 416px; background-image: url(https:\/\/pobliza.pl\/wp-content\/uploads\/2017\/11\/Nasze-Pobli\u017ca-Ilustracyjne-Juliusz-Lichwa.png);\"><\/div>\n\t\t\t\t<div class=\"nm-banner-content\">\n\t\t\t\t\t<div class=\"nm-banner-content-inner\">\n\t\t\t\t\t\t<div class=\"nm-banner-text h_left v_bottom align_left\" style=\"\">\n\t\t\t\t\t\t\t<div class=\"nm-banner-text-inner animated\" data-animate=\"fadeInDown\"><h1 class=\"nm-banner-title medium\">Moje Pobli\u017ca to wsp\u00f3lna historia Polski i jej s\u0105siad\u00f3w.<\/h1><h2 class=\"nm-banner-subtitle nm-alt-font\">Juliusz Lichwa \u2013 Wiceprezes Fundacji Pobli\u017ca<\/h2><\/div>\n\t\t\t\t\t\t<\/div>\n\t\t\t\t\t<\/div>\n\t\t\t\t<\/div>\n\t\t\t<\/div>[\/vc_column][\/vc_row][vc_row][vc_column][vc_empty_space height=&#8221;30px&#8221;][vc_separator title_align=&#8221;separator_align_left&#8221; border_width=&#8221;3&#8243; accent_color=&#8221;#000000&#8243;][vc_empty_space height=&#8221;30px&#8221;][\/vc_column][\/vc_row][vc_row][vc_column width=&#8221;1\/6&#8243;][vc_raw_html]JTNDZGl2JTIwY2xhc3MlM0QlMjJubS10ZWFtLW1lbWJlciUyMiUzRSUwQSUzQ2RpdiUyMGNsYXNzJTNEJTIybm0tdGVhbS1tZW1iZXItaW1hZ2UlMjByb3VuZGVkJTIyJTNFJTNDaW1nJTIwc3JjJTNEJTIyaHR0cCUzQSUyRiUyRnBvYmxpemEucGwlMkZ3cC1jb250ZW50JTJGdXBsb2FkcyUyRjIwMTclMkYwMiUyRmp1bGl1c3otbGljaHdhLmpwZyUyMiUyMGFsdCUzRCUyMmp1bGl1c3otbGljaHdhJTIyJTNFJTBBJTNDZGl2JTIwY2xhc3MlM0QlMjJubS10ZWFtLW1lbWJlci1vdmVybGF5JTIyJTNFJTNDdWwlMjBjbGFzcyUzRCUyMm5tLXRlYW0tbWVtYmVyLXNvY2lhbC1pY29ucyUyMiUzRSUzQ2xpJTNFJTNDYSUyMGhyZWYlM0QlMjJtYWlsdG8lM0FqdWxpdXN6LmxpY2h3YSU0MHBvYmxpemEucGwlMjIlMjB0YXJnZXQlM0QlMjJfYmxhbmslMjIlM0UlM0NpJTIwY2xhc3MlM0QlMjJubS1mb250JTIwbm0tZm9udC1lbnZlbG9wZSUyMiUzRSUzQyUyRmklM0UlM0MlMkZhJTNFJTNDJTJGbGklM0UlM0MlMkZ1bCUzRSUzQyUyRmRpdiUzRSUzQyUyRmRpdiUzRSUzQyUyRmRpdiUzRQ==[\/vc_raw_html][\/vc_column][vc_column width=&#8221;5\/6&#8243; css=&#8221;.vc_custom_1492684234548{padding-bottom: 20px !important;}&#8221;][vc_column_text]<\/p>\n<div class=\"nm-team-member-content\">\n<h5>Juliusz Lichwa<\/h5>\n<h6>Wiceprezes Zarz\u0105du<\/h6>\n<div class=\"wpb_text_column\">Historyk, edukator i\u00a0przewodnik po Warszawie i\u00a0Wroc\u0142awiu; uko\u0144czy\u0142 studia w\u00a0Instytucie Historycznym Uniwersytetu Warszawskiego; koordynator i\u00a0prowadz\u0105cy wielu projekt\u00f3w edukacyjnych dla m\u0142odzie\u017cy i\u00a0student\u00f3w w\u00a0Warszawie oraz Wroc\u0142awiu i\u00a0na Dolnym \u015al\u0105sku.<\/div>\n<\/div>\n<p>[\/vc_column_text][\/vc_column][\/vc_row]<\/p>\n","protected":false},"excerpt":{"rendered":"<p>[vc_row][vc_column][vc_empty_space height=&#8221;30px&#8221;][vc_separator title=&#8221;Juliusz Lichwa \u2013 Moje Pobli\u017ca&#8221; title_align=&#8221;separator_align_left&#8221; border_width=&#8221;3&#8243; accent_color=&#8221;#000000&#8243;][vc_empty_space height=&#8221;30px&#8221;][\/vc_column][\/vc_row][vc_row][vc_column width=&#8221;1\/2&#8243;][vc_column_text]Wielkie warszawskie osiedle z prze\u0142omu lat 70. i 80. powsta\u0142e w miejscu kwarta\u0142u ulic o podmiejskim, robotniczym charakterze, na malarycznym nadwi\u015bla\u0144skim brzegu. Jeszcze wi\u0119ksza urz\u0119dniczo-in\u017cynieryjna machina Gierka, by powsta\u0142 ten projekt, wysiedli\u0142a st\u0105d dziesi\u0105tki rodzin, a nawet zmieni\u0142a bieg ma\u0142ej rzeki, o kt\u00f3rej dzi\u015b &hellip;<\/p>\n","protected":false},"author":1,"featured_media":0,"parent":0,"menu_order":0,"comment_status":"closed","ping_status":"closed","template":"","meta":{"_exactmetrics_skip_tracking":false,"_exactmetrics_sitenote_active":false,"_exactmetrics_sitenote_note":"","_exactmetrics_sitenote_category":0,"footnotes":""},"_links":{"self":[{"href":"https:\/\/pobliza.pl\/index.php?rest_route=\/wp\/v2\/pages\/382"}],"collection":[{"href":"https:\/\/pobliza.pl\/index.php?rest_route=\/wp\/v2\/pages"}],"about":[{"href":"https:\/\/pobliza.pl\/index.php?rest_route=\/wp\/v2\/types\/page"}],"author":[{"embeddable":true,"href":"https:\/\/pobliza.pl\/index.php?rest_route=\/wp\/v2\/users\/1"}],"replies":[{"embeddable":true,"href":"https:\/\/pobliza.pl\/index.php?rest_route=%2Fwp%2Fv2%2Fcomments&post=382"}],"version-history":[{"count":30,"href":"https:\/\/pobliza.pl\/index.php?rest_route=\/wp\/v2\/pages\/382\/revisions"}],"predecessor-version":[{"id":520,"href":"https:\/\/pobliza.pl\/index.php?rest_route=\/wp\/v2\/pages\/382\/revisions\/520"}],"wp:attachment":[{"href":"https:\/\/pobliza.pl\/index.php?rest_route=%2Fwp%2Fv2%2Fmedia&parent=382"}],"curies":[{"name":"wp","href":"https:\/\/api.w.org\/{rel}","templated":true}]}}