{"id":646,"date":"2018-02-21T20:36:15","date_gmt":"2018-02-21T19:36:15","guid":{"rendered":"http:\/\/pobliza.pl\/?page_id=646"},"modified":"2018-02-22T12:06:52","modified_gmt":"2018-02-22T11:06:52","slug":"pawel-sobik-moji-pobliza","status":"publish","type":"page","link":"https:\/\/pobliza.pl\/?page_id=646","title":{"rendered":"Pawe\u0142 Sobik &#8211; Moji Pobli\u017ca"},"content":{"rendered":"<p>[vc_row][vc_column][vc_empty_space height=&#8221;30px&#8221;][vc_separator title=&#8221;Pawe\u0142 Sobik &#8211; Moji Pobli\u017ca&#8221; title_align=&#8221;separator_align_left&#8221; border_width=&#8221;3&#8243; accent_color=&#8221;#000000&#8243;][vc_empty_space height=&#8221;30px&#8221;][\/vc_column][\/vc_row][vc_row][vc_column width=&#8221;1\/2&#8243;][vc_column_text]Narodzi\u016f\u0142 \u017cech si\u0119 na G\u00f3rnym \u015al\u016fnsku, kaj czasym idzie jeszcze znoj\u015b\u0107 \u015blady ciyn\u017ckij historii dwadziestego wieku. Z \u0142opowie\u015bci \u016fmy nanosi\u016f\u0142 \u017cech na mapa przebieg starej granicy polsko-niemieckij, kiero kiedy\u015b smyczy\u0142a si\u0119 ha\u0144 za p\u0142otym, a w szterdziestym pi\u016fntym j\u016fm przestawili 300 kilometr\u00f3w dalij.<\/p>\n<p>Nigdy \u017cech \u015bl\u016fnskigo losu, niyroz czornego jak hajmat, nie bro\u0142 za ciyn\u017cor. Pora lot niyskorzij, kej \u017cech bo\u0142 w gimplu, odkr\u016f\u0142 \u017cech, \u017ce m\u00f3j Rybnik to richtig je \u015brodek Europy. \u017be tak samo daleko mom Wiedy\u0144, Bratys\u0142awa, Praga a Warszawa. Wzi\u016fn \u017cech to za zaproszyni do przibli\u017cania tego, co zdowa\u0107 si\u0119 mog\u0142o \u0142oddalone, abo fest daleki.<\/p>\n<p>M\u016fm rad roztoma\u0144te miejsca, ale najlepij si\u0119 czuja na pograniczach, kierych nie do sie zawrzy\u0107 yno do jednej narodowej \u0142opowie\u015bci. Miejsca kaj \u017cyj\u016fm ludzie roztoma\u0144tych narodowo\u015bci, jynzyk\u00f3w a religi, a dokupy gospodarz\u016fm na swoim hajmacie. Jak Syhot Marmaroski w Rumunii, przi kierego g\u0142\u00f3wnej dr\u016fdze stoj\u016fm kole siebie ko\u015bci\u00f3\u0142 katolicki, cerkwie prawos\u0142awno a grekokatolicko i kalwi\u0144ski zb\u00f3r. Jak Subotica w Serbii, secesyjno per\u0142a Wojwodiny. Jak Siedmiogr\u00f3d. Jak Zakarpaci. Jak Wile\u0144szczyzna\u2026<\/p>\n<p>Z ka\u017cdej rajzy prziwo\u017ca niy zdjyncia a \u0142opowie\u015bci. Taki kiere cni\u016fm za \u015bwiatym kiery \u0142odchodzi, abo co tropi\u016fm, bo czas nie zagoj\u016f\u0142 wszyskich strup\u00f3w. Abo taki blank weso\u0142e, coby si\u0119 radowa\u0107 z \u017cycia kiere m\u016fmy. <strong>Godki, choby yno te wartki w cugu, abo d\u0142ugi wieczerze przi flaszce wina \u2013 bul\u016fm mury a przibli\u017caj\u016fm inkszego cz\u0142owieka. Wtedy nasze, zdowa\u0142oby sie blank inaksze Pobli\u017ca, poradz\u016fm sie trefi\u0107 na pisce horyz\u016fntu.<\/strong>[\/vc_column_text][vc_empty_space height=&#8221;30px&#8221;][\/vc_column][vc_column width=&#8221;1\/2&#8243;]\n\t\t\t<div class=\"nm-banner content-full image-type-css text-color-light\" style=\"\"><div class=\"nm-banner-image\" style=\"height: 450px; background-image: url(https:\/\/pobliza.pl\/wp-content\/uploads\/2018\/01\/sulina.png);\"><\/div>\n\t\t\t\t<div class=\"nm-banner-content\">\n\t\t\t\t\t<div class=\"nm-banner-content-inner\">\n\t\t\t\t\t\t<div class=\"nm-banner-text h_left v_bottom align_left\" style=\"\">\n\t\t\t\t\t\t\t<div class=\"nm-banner-text-inner animated\" data-animate=\"fadeInDown\"><h1 class=\"nm-banner-title medium\">Godki, choby yno te wartki w cugu, abo d\u0142ugi wieczerze przi flaszce wina \u2013 bul\u016fm mury a przibli\u017caj\u016fm inkszego cz\u0142owieka. Wtedy nasze, zdowa\u0142oby sie blank inaksze Pobli\u017ca, poradz\u016fm sie trefi\u0107 na pisce horyz\u016fntu.<\/h1><h2 class=\"nm-banner-subtitle nm-alt-font\">Pawe\u0142 Sobik<\/h2><\/div>\n\t\t\t\t\t\t<\/div>\n\t\t\t\t\t<\/div>\n\t\t\t\t<\/div>\n\t\t\t<\/div>[\/vc_column][\/vc_row][vc_row][vc_column][vc_separator title_align=&#8221;separator_align_left&#8221; border_width=&#8221;3&#8243; accent_color=&#8221;#000000&#8243;][vc_empty_space height=&#8221;30px&#8221;][vc_column_text]Dorasta\u0142em na G\u00f3rnym \u015al\u0105sku, na kt\u00f3rym czasem jeszcze mo\u017cna znale\u017a\u0107 \u015blady trudnej, dwudziestowiecznej historii. Z opowie\u015bci babci nanosi\u0142em na map\u0119 przebieg przedwojennej granicy polsko-niemieckiej, kt\u00f3ra kiedy\u015b ci\u0105gn\u0119\u0142a si\u0119 tu\u017c za p\u0142otem, a nast\u0119pnie zosta\u0142a przesuni\u0119ta 300 kilometr\u00f3w dalej.<\/p>\n<p>Nigdy jednak \u015bl\u0105skiego losu, czasem czarnego jak ojczysta ziemia, nie traktowa\u0142em jako balast. Kilkana\u015bcie lat p\u00f3\u017aniej, chyba ju\u017c w liceum, odkry\u0142em, \u017ce przecie\u017c m\u00f3j Rybnik to najprawdziwszy \u015arodek Europy. \u017be na wyci\u0105gni\u0119cie r\u0119ki, w identycznej odleg\u0142o\u015bci, le\u017c\u0105 Wiede\u0144, Bratys\u0142awa, Praga i Warszawa. Potraktowa\u0142em to jako zaproszenie do przybli\u017cania sobie tego, co wydawa\u0107 si\u0119 mog\u0142o oddalone, czy wr\u0119cz dalekie.<\/p>\n<p>Lubi\u0119 miejsca nieoczywiste. Pogranicza nie daj\u0105ce si\u0119 zamkn\u0105\u0107 w jednej tylko narodowej narracji. Miejsca w kt\u00f3rych ludzie r\u00f3\u017cnych narodowo\u015bci, j\u0119zyk\u00f3w, religii troszcz\u0105 si\u0119 o wsp\u00f3lny kawa\u0142ek ziemi. Jak rumu\u0144ski Syhot Maramorski przy g\u0142\u00f3wnej ulicy kt\u00f3rego s\u0105siaduj\u0105 ze sob\u0105 zgodnie ko\u015bci\u00f3\u0142 katolicki, cerkwie prawos\u0142awna i grekokatolicka i zb\u00f3r kalwi\u0144ski. Jak serbska Subotica, secesyjna per\u0142a Wojwodiny. Jak Siedmiogr\u00f3d. Jak Zakarpacie. Jak Wile\u0144szczyzna\u2026<\/p>\n<p>Z ka\u017cdej podr\u00f3\u017cy przywo\u017c\u0119 nie zdj\u0119cia, a opowie\u015bci. T\u0119skni\u0105ce niekiedy za \u015bwiatem, kt\u00f3ry odchodzi, b\u0105d\u017a bolesne, bo czas nie zagoi\u0142 jeszcze wszystkich ran. Cz\u0119sto po prostu afirmuj\u0105ce \u017cycie, z rado\u015bciami i smutkami kt\u00f3re przynosi. <strong>Rozmowy \u2013 cho\u0107by kr\u00f3tkie spotkania w podmiejskim poci\u0105gu, ale te\u017c d\u0142ugie wieczory przy buk\u0142aku wina \u2013 burz\u0105 mury i przybli\u017caj\u0105 drugiego cz\u0142owieka. Wtedy nasze, tak r\u00f3\u017cne z pozoru, Pobli\u017ca zdaj\u0105 si\u0119 zbiega\u0107 na linii horyzontu.<\/strong>[\/vc_column_text][vc_empty_space height=&#8221;30px&#8221;][vc_facebook][vc_tweetmeme share_via=&#8221;pobliza&#8221; share_hashtag=&#8221;\u015al\u016fnsk, Pobli\u017ca&#8221;][\/vc_column][\/vc_row][vc_row][vc_column][vc_separator title_align=&#8221;separator_align_left&#8221; border_width=&#8221;3&#8243; accent_color=&#8221;#000000&#8243;][vc_empty_space height=&#8221;30px&#8221;][\/vc_column][\/vc_row][vc_row][vc_column width=&#8221;1\/6&#8243;][vc_raw_html]JTNDZGl2JTIwY2xhc3MlM0QlMjJubS10ZWFtLW1lbWJlciUyMiUzRSUwQSUzQ2RpdiUyMGNsYXNzJTNEJTIybm0tdGVhbS1tZW1iZXItaW1hZ2UlMjByb3VuZGVkJTIyJTNFJTNDaW1nJTIwc3JjJTNEJTIyaHR0cCUzQSUyRiUyRnBvYmxpemEucGwlMkZ3cC1jb250ZW50JTJGdXBsb2FkcyUyRjIwMTclMkYwMiUyRnBhd2UlQzUlODItc29iaWsuanBnJTIyJTIwYWx0JTNEJTIyUGF3ZSVDNSU4MiUyMFNvYmlrJTIyJTNFJTBBJTNDZGl2JTIwY2xhc3MlM0QlMjJubS10ZWFtLW1lbWJlci1vdmVybGF5JTIyJTNFJTNDdWwlMjBjbGFzcyUzRCUyMm5tLXRlYW0tbWVtYmVyLXNvY2lhbC1pY29ucyUyMiUzRSUzQ2xpJTNFJTNDYSUyMGhyZWYlM0QlMjJtYWlsdG8lM0FwYXdlbC5zb2JpayU0MHBvYmxpemEucGwlMjIlMjB0YXJnZXQlM0QlMjJfYmxhbmslMjIlM0UlM0NpJTIwY2xhc3MlM0QlMjJubS1mb250JTIwbm0tZm9udC1lbnZlbG9wZSUyMiUzRSUzQyUyRmklM0UlM0MlMkZhJTNFJTNDJTJGbGklM0UlM0MlMkZ1bCUzRSUzQyUyRmRpdiUzRSUzQyUyRmRpdiUzRSUzQyUyRmRpdiUzRQ==[\/vc_raw_html][\/vc_column][vc_column width=&#8221;5\/6&#8243; css=&#8221;.vc_custom_1492684234548{padding-bottom: 20px !important;}&#8221;][vc_column_text]<\/p>\n<div class=\"nm-team-member-content\">\n<h5>dr Pawe\u0142 Sobik<\/h5>\n<p>Doktor nauk politycznych; autor monografii po\u015bwi\u0119conej Akcji Wyborczej Polak\u00f3w na Litwie; uczestnik wymian, for\u00f3w i\u00a0sympozj\u00f3w w\u00a0Polsce, Czechach, Litwie, Ukrainie, Bia\u0142orusi i\u00a0Rosji; cz\u0142onek komitetu organizacyjnego Mi\u0119dzynarodowego Kongresu Lituanist\u00f3w; publicysta; podr\u00f3\u017cnik (odwiedzone 42 pa\u0144stwa), pilot wycieczek i\u00a0przewodnik po Pradze.<\/p>\n<\/div>\n<p>[\/vc_column_text][\/vc_column][\/vc_row]<\/p>\n","protected":false},"excerpt":{"rendered":"<p>[vc_row][vc_column][vc_empty_space height=&#8221;30px&#8221;][vc_separator title=&#8221;Pawe\u0142 Sobik &#8211; Moji Pobli\u017ca&#8221; title_align=&#8221;separator_align_left&#8221; border_width=&#8221;3&#8243; accent_color=&#8221;#000000&#8243;][vc_empty_space height=&#8221;30px&#8221;][\/vc_column][\/vc_row][vc_row][vc_column width=&#8221;1\/2&#8243;][vc_column_text]Narodzi\u016f\u0142 \u017cech si\u0119 na G\u00f3rnym \u015al\u016fnsku, kaj czasym idzie jeszcze znoj\u015b\u0107 \u015blady ciyn\u017ckij historii dwadziestego wieku. Z \u0142opowie\u015bci \u016fmy nanosi\u016f\u0142 \u017cech na mapa przebieg starej granicy polsko-niemieckij, kiero kiedy\u015b smyczy\u0142a si\u0119 ha\u0144 za p\u0142otym, a w szterdziestym pi\u016fntym j\u016fm przestawili 300 kilometr\u00f3w dalij. Nigdy &hellip;<\/p>\n","protected":false},"author":5,"featured_media":0,"parent":0,"menu_order":0,"comment_status":"closed","ping_status":"closed","template":"","meta":{"_exactmetrics_skip_tracking":false,"_exactmetrics_sitenote_active":false,"_exactmetrics_sitenote_note":"","_exactmetrics_sitenote_category":0,"footnotes":""},"_links":{"self":[{"href":"https:\/\/pobliza.pl\/index.php?rest_route=\/wp\/v2\/pages\/646"}],"collection":[{"href":"https:\/\/pobliza.pl\/index.php?rest_route=\/wp\/v2\/pages"}],"about":[{"href":"https:\/\/pobliza.pl\/index.php?rest_route=\/wp\/v2\/types\/page"}],"author":[{"embeddable":true,"href":"https:\/\/pobliza.pl\/index.php?rest_route=\/wp\/v2\/users\/5"}],"replies":[{"embeddable":true,"href":"https:\/\/pobliza.pl\/index.php?rest_route=%2Fwp%2Fv2%2Fcomments&post=646"}],"version-history":[{"count":15,"href":"https:\/\/pobliza.pl\/index.php?rest_route=\/wp\/v2\/pages\/646\/revisions"}],"predecessor-version":[{"id":670,"href":"https:\/\/pobliza.pl\/index.php?rest_route=\/wp\/v2\/pages\/646\/revisions\/670"}],"wp:attachment":[{"href":"https:\/\/pobliza.pl\/index.php?rest_route=%2Fwp%2Fv2%2Fmedia&parent=646"}],"curies":[{"name":"wp","href":"https:\/\/api.w.org\/{rel}","templated":true}]}}