{"id":814,"date":"2018-05-15T11:31:32","date_gmt":"2018-05-15T09:31:32","guid":{"rendered":"http:\/\/pobliza.pl\/?page_id=814"},"modified":"2018-10-15T11:46:53","modified_gmt":"2018-10-15T09:46:53","slug":"polacy-na-litwie-miedzy-warszawa-wilnem-a-moskwa","status":"publish","type":"page","link":"https:\/\/pobliza.pl\/?page_id=814","title":{"rendered":"Polacy na Litwie: mi\u0119dzy Warszaw\u0105, Wilnem a Moskw\u0105"},"content":{"rendered":"<p>&nbsp;<\/p>\n<p><img decoding=\"async\" loading=\"lazy\" class=\"alignnone wp-image-984 size-large\" src=\"http:\/\/pobliza.pl\/wp-content\/uploads\/2018\/10\/tlo-wydarzenia-1-1024x537.jpg\" alt=\"\" width=\"1024\" height=\"537\" srcset=\"https:\/\/pobliza.pl\/wp-content\/uploads\/2018\/10\/tlo-wydarzenia-1-1024x537.jpg 1024w, https:\/\/pobliza.pl\/wp-content\/uploads\/2018\/10\/tlo-wydarzenia-1-300x157.jpg 300w, https:\/\/pobliza.pl\/wp-content\/uploads\/2018\/10\/tlo-wydarzenia-1-768x402.jpg 768w, https:\/\/pobliza.pl\/wp-content\/uploads\/2018\/10\/tlo-wydarzenia-1.jpg 2000w\" sizes=\"(max-width: 1024px) 100vw, 1024px\" \/><\/p>\n<p>&nbsp;<\/p>\n<p>Od blisko 25 lat Akcja Wyborcza Polak\u00f3w na Litwie stanowi polityczn\u0105 reprezentacj\u0119 mniejszo\u015bci polskiej. Racj\u0119 bytu partii stanowi\u0105 wci\u0105\u017c niezwi\u0105zane problemy mniejszo\u015bci poskiej, zar\u00f3wno te kluczowe, zwi\u0105zane z sytuacj\u0105 szkolnictwa w j\u0119zyku polskim, jak i symboliczne, skoncentrowane wok\u00f3\u0142 literki &#8222;w&#8221;.<\/p>\n<p>Politycy AWPL podkre\u015blaj\u0105, \u017ce, wsp\u00f3lnie z lojalnym wobec partii Zwi\u0105zkiem Polak\u00f3w na Litwie, umo\u017cliwiaj\u0105 przetrwanie i rozw\u00f3j polsko\u015bci na Wile\u0144szczy\u017anie. Dla os\u00f3b niech\u0119tnych partii, jej radykalne \u017c\u0105dania stanowi\u0105 g\u0142\u00f3wne \u017ar\u00f3d\u0142o kryzysu w stosunkach Warszawy i Wilna.<\/p>\n<p>Czy postulaty zg\u0142aszane przez AWPL s\u0105 kontrowersyjne, czy stanowi\u0105 og\u00f3lnoeurolejski standard w dziedzinie ochrony mniejszo\u015bci narodowych? Czy poza m\u00f3wieniem o problemach, AWPL ma pomys\u0142 jak swoje postulaty wciela\u0107 w \u017cycie? Czy wreszcie konieczny jest wym\u00f3g jedno\u015bci w\u015br\u00f3d Polak\u00f3w, czy warto skupi\u0107 uwag\u0119 na innych inicjatywach kt\u00f3re powstaj\u0105 w \u015brodowisku polskim obok, czasem w kontrze, do AWPL?<\/p>\n<div id=\"id_5b0d378fe93e95b97750371\" class=\"text_exposed_root text_exposed\">\n<p>Dzia\u0142alno\u015bci AWPL-ZChR po\u015bwi\u0119cona jest wydana w ubieg\u0142ym roku monografia autorstwa doktora Paw\u0142a Sobika \u2013 b\u0119dzi<span class=\"text_exposed_show\">e to przyczynek do dyskusji, w kt\u00f3rej wezm\u0105 udzia\u0142:<\/span><\/p>\n<p><span class=\"text_exposed_show\">\u00a0<strong>\u2022\u00a0Maria Prze\u0142omiec <\/strong>&#8211; autorka programu \u201eStudio Wsch\u00f3d&#8221;\u00a0TVP, ekspert ds. wschodnich<br \/>\n<strong>\u2022 dr Pawe\u0142 Sobik<\/strong> \u2013 autor ksi\u0105\u017cki \u201eAkcja Wyborcza Polak\u00f3w na Litwie w systemie politycznym Republiki Litewskiej\u201d, cz\u0142onek zarz\u0105du Fundacji Pobli\u017ca<\/span><\/p>\n<p>Spotkanie poprowadzi Dominik Wilczewski z Przegl\u0105du Ba\u0142tyckiego<\/p>\n<p><strong>Organizatorzy:<\/strong> Fundacja Pobli\u017ca, Kolegium Europy Wschodniej im. Jana Nowaka- Jeziora\u0144skiego<\/p>\n<p><strong>Wsp\u00f3\u0142organizator:<\/strong> Biblioteka Publiczna m.st. Warszawy<\/p>\n<p><strong>Patronat medialny:<\/strong> Nowa Europa Wschodnia, Przegl\u0105d Ba\u0142tycki, Eastbook<\/p>\n<p>&nbsp;<\/p>\n<\/div>\n<p><!--more--><\/p>\n<p><strong>Poprzednie spotkania z cyklu:<\/strong><\/p>\n<p><img decoding=\"async\" loading=\"lazy\" class=\"alignleft wp-image-825 size-large\" src=\"http:\/\/pobliza.pl\/wp-content\/uploads\/2018\/05\/litwa-wroclaw-1024x390.jpg\" alt=\"\" width=\"1024\" height=\"390\" srcset=\"https:\/\/pobliza.pl\/wp-content\/uploads\/2018\/05\/litwa-wroclaw-1024x390.jpg 1024w, https:\/\/pobliza.pl\/wp-content\/uploads\/2018\/05\/litwa-wroclaw-300x114.jpg 300w, https:\/\/pobliza.pl\/wp-content\/uploads\/2018\/05\/litwa-wroclaw-768x292.jpg 768w, https:\/\/pobliza.pl\/wp-content\/uploads\/2018\/05\/litwa-wroclaw.jpg 1640w\" sizes=\"(max-width: 1024px) 100vw, 1024px\" \/><\/p>\n<p><img decoding=\"async\" loading=\"lazy\" class=\"alignnone wp-image-827 size-large\" src=\"http:\/\/pobliza.pl\/wp-content\/uploads\/2018\/05\/33460050_10212012904011082_2112816828060270592_n-1024x537.jpg\" alt=\"\" width=\"1024\" height=\"537\" srcset=\"https:\/\/pobliza.pl\/wp-content\/uploads\/2018\/05\/33460050_10212012904011082_2112816828060270592_n-1024x537.jpg 1024w, https:\/\/pobliza.pl\/wp-content\/uploads\/2018\/05\/33460050_10212012904011082_2112816828060270592_n-300x157.jpg 300w, https:\/\/pobliza.pl\/wp-content\/uploads\/2018\/05\/33460050_10212012904011082_2112816828060270592_n-768x402.jpg 768w, https:\/\/pobliza.pl\/wp-content\/uploads\/2018\/05\/33460050_10212012904011082_2112816828060270592_n.jpg 2000w\" sizes=\"(max-width: 1024px) 100vw, 1024px\" \/><\/p>\n","protected":false},"excerpt":{"rendered":"<p>&nbsp; &nbsp; Od blisko 25 lat Akcja Wyborcza Polak\u00f3w na Litwie stanowi polityczn\u0105 reprezentacj\u0119 mniejszo\u015bci polskiej. Racj\u0119 bytu partii stanowi\u0105 wci\u0105\u017c niezwi\u0105zane problemy mniejszo\u015bci poskiej, zar\u00f3wno te kluczowe, zwi\u0105zane z sytuacj\u0105 szkolnictwa w j\u0119zyku polskim, jak i symboliczne, skoncentrowane wok\u00f3\u0142 literki &#8222;w&#8221;. Politycy AWPL podkre\u015blaj\u0105, \u017ce, wsp\u00f3lnie z lojalnym wobec partii Zwi\u0105zkiem Polak\u00f3w na Litwie, &hellip;<\/p>\n","protected":false},"author":5,"featured_media":0,"parent":0,"menu_order":0,"comment_status":"closed","ping_status":"closed","template":"","meta":{"_exactmetrics_skip_tracking":false,"_exactmetrics_sitenote_active":false,"_exactmetrics_sitenote_note":"","_exactmetrics_sitenote_category":0,"footnotes":""},"_links":{"self":[{"href":"https:\/\/pobliza.pl\/index.php?rest_route=\/wp\/v2\/pages\/814"}],"collection":[{"href":"https:\/\/pobliza.pl\/index.php?rest_route=\/wp\/v2\/pages"}],"about":[{"href":"https:\/\/pobliza.pl\/index.php?rest_route=\/wp\/v2\/types\/page"}],"author":[{"embeddable":true,"href":"https:\/\/pobliza.pl\/index.php?rest_route=\/wp\/v2\/users\/5"}],"replies":[{"embeddable":true,"href":"https:\/\/pobliza.pl\/index.php?rest_route=%2Fwp%2Fv2%2Fcomments&post=814"}],"version-history":[{"count":14,"href":"https:\/\/pobliza.pl\/index.php?rest_route=\/wp\/v2\/pages\/814\/revisions"}],"predecessor-version":[{"id":985,"href":"https:\/\/pobliza.pl\/index.php?rest_route=\/wp\/v2\/pages\/814\/revisions\/985"}],"wp:attachment":[{"href":"https:\/\/pobliza.pl\/index.php?rest_route=%2Fwp%2Fv2%2Fmedia&parent=814"}],"curies":[{"name":"wp","href":"https:\/\/api.w.org\/{rel}","templated":true}]}}